{"id":47,"date":"2018-08-21T20:46:44","date_gmt":"2018-08-21T18:46:44","guid":{"rendered":"http:\/\/www.dp6k.de\/?page_id=47"},"modified":"2023-09-01T23:04:19","modified_gmt":"2023-09-01T21:04:19","slug":"stationsinfo","status":"publish","type":"page","link":"https:\/\/www.dp6k.de\/?page_id=47","title":{"rendered":"Was ist DP6K?"},"content":{"rendered":"\n<p><em><strong>DP6K<\/strong><\/em> ist das Rufzeichen einer <a href=\"https:\/\/www.dp6k.de\/?page_id=54\" data-type=\"page\" data-id=\"54\">Amateurfunkstation<\/a> im Landkreis Kulmbach, gelegen in Nordbayern. <\/p>\n\n\n\n<p>Die Station wird haupts\u00e4chlich im Rahmen von Amateurfunkwettbewerben, sogenannten Contesten, betrieben. Die Betreiber sind Mitglieder des <a href=\"https:\/\/www.darc.de\/der-club\/distrikte\/b\/ortsverbaende\/07\/\">Ortverbandes Kulmbach<\/a> im <a href=\"https:\/\/www.darc.de\">Deutschen Amateur-Radio-Club<\/a> sowie des <a href=\"https:\/\/www.bavarian-contest-club.de\/\">Bavarian Contest Club<\/a>.<\/p>\n\n\n\n<p>Der Standort befindet sich in einem auslaufenden Talkessel abseits zweier Ortschaften und ist zuf\u00e4llig gew\u00e4hlt. Im Nachhinein hat sich jedoch herausgestellt, dass die dort vorherrschenden Bodenverh\u00e4ltnisse f\u00fcr den Kurzwellenbetrieb hervorragend sind.<\/p>\n\n\n<div class=\"wp-block-image\">\n<figure class=\"aligncenter size-large is-resized\"><img decoding=\"async\" src=\"https:\/\/www.dp6k.de\/wp-content\/uploads\/2023\/08\/k-IMG_20210903_182146-edited.jpg\" alt=\"\" class=\"wp-image-610\" style=\"height:350px\" height=\"350\" srcset=\"https:\/\/www.dp6k.de\/wp-content\/uploads\/2023\/08\/k-IMG_20210903_182146-edited.jpg 992w, https:\/\/www.dp6k.de\/wp-content\/uploads\/2023\/08\/k-IMG_20210903_182146-edited-300x169.jpg 300w, https:\/\/www.dp6k.de\/wp-content\/uploads\/2023\/08\/k-IMG_20210903_182146-edited-768x432.jpg 768w, https:\/\/www.dp6k.de\/wp-content\/uploads\/2023\/08\/k-IMG_20210903_182146-edited-480x270.jpg 480w\" sizes=\"(max-width: 992px) 100vw, 992px\" \/><\/figure>\n<\/div>\n\n\n<p>Als Behausung dient ein eigens daf\u00fcr beschaffter Bauwagen, der nach unseren Bed\u00fcrfnissen ausgebaut wurde.&nbsp;Dessen Vorg\u00e4nger war bei seinem Verkauf bereits 45 Jahre alt und diente vor langer Zeit als mobiles Shack f\u00fcr Conteste im CB-Funk.<\/p>\n\n\n\n<p>Wir verf\u00fcgen \u00fcber zwei R\u00e4ume, einen Aufenthalts- und einen separaten Funkraum. Im Aufenthaltsraum gibt es eine Sitzecke und Lagerm\u00f6glichkeiten f\u00fcr das Allern\u00f6tigste. Hier k\u00f6nnen sich etwa Besucher unterhalten und Funker in ihrer Pause verk\u00f6stigen, w\u00e4hrend im Funkraum der Betrieb ungest\u00f6rt weitergehen kann. Es sind zwei Funkpl\u00e4tze f\u00fcr Multi-Two-Betrieb (mit zwei Stationen gleichzeitig funken) hergerichtet.<\/p>\n\n\n\n<figure class=\"wp-block-gallery has-nested-images columns-default is-cropped wp-block-gallery-1 is-layout-flex wp-block-gallery-is-layout-flex\">\n<figure class=\"wp-block-image size-large\"><a href=\"https:\/\/www.dp6k.de\/wp-content\/uploads\/2023\/08\/k-20230716_174559.jpg\"><img loading=\"lazy\" decoding=\"async\" width=\"1024\" height=\"478\" data-id=\"694\" src=\"https:\/\/www.dp6k.de\/wp-content\/uploads\/2023\/08\/k-20230716_174559-1024x478.jpg\" alt=\"\" class=\"wp-image-694\" srcset=\"https:\/\/www.dp6k.de\/wp-content\/uploads\/2023\/08\/k-20230716_174559-1024x478.jpg 1024w, https:\/\/www.dp6k.de\/wp-content\/uploads\/2023\/08\/k-20230716_174559-300x140.jpg 300w, https:\/\/www.dp6k.de\/wp-content\/uploads\/2023\/08\/k-20230716_174559-768x359.jpg 768w, https:\/\/www.dp6k.de\/wp-content\/uploads\/2023\/08\/k-20230716_174559-1536x717.jpg 1536w, https:\/\/www.dp6k.de\/wp-content\/uploads\/2023\/08\/k-20230716_174559-578x270.jpg 578w, https:\/\/www.dp6k.de\/wp-content\/uploads\/2023\/08\/k-20230716_174559.jpg 2000w\" sizes=\"auto, (max-width: 1024px) 100vw, 1024px\" \/><\/a><\/figure>\n\n\n\n<figure class=\"wp-block-image size-large\"><a href=\"https:\/\/www.dp6k.de\/wp-content\/uploads\/2023\/08\/k-20230716_163243.jpg\"><img loading=\"lazy\" decoding=\"async\" width=\"1024\" height=\"478\" data-id=\"693\" src=\"https:\/\/www.dp6k.de\/wp-content\/uploads\/2023\/08\/k-20230716_163243-1024x478.jpg\" alt=\"\" class=\"wp-image-693\" srcset=\"https:\/\/www.dp6k.de\/wp-content\/uploads\/2023\/08\/k-20230716_163243-1024x478.jpg 1024w, https:\/\/www.dp6k.de\/wp-content\/uploads\/2023\/08\/k-20230716_163243-300x140.jpg 300w, https:\/\/www.dp6k.de\/wp-content\/uploads\/2023\/08\/k-20230716_163243-768x359.jpg 768w, https:\/\/www.dp6k.de\/wp-content\/uploads\/2023\/08\/k-20230716_163243-1536x717.jpg 1536w, https:\/\/www.dp6k.de\/wp-content\/uploads\/2023\/08\/k-20230716_163243-578x270.jpg 578w, https:\/\/www.dp6k.de\/wp-content\/uploads\/2023\/08\/k-20230716_163243.jpg 2000w\" sizes=\"auto, (max-width: 1024px) 100vw, 1024px\" \/><\/a><\/figure>\n<\/figure>\n\n\n\n<p>Abseits des Stromnetztes sind wir f\u00fcr den Funkbetrieb auf Strom aus Batterien angewiesen. Diese laden wir mit Photovoltaik und einem Stromerzeuger nach.<\/p>\n\n\n\n<p>Momentan verf\u00fcgen wir \u00fcber folgende dauerhaft aufgebaute Antennen: <\/p>\n\n\n\n<ul class=\"wp-block-list\">\n<li>Dreiband-Beam TH6DXX f\u00fcr das 20-, 15- und 10-Meter-Band<\/li>\n\n\n\n<li>Monoband-Halbwellendipole f\u00fcr das 80-, 40- und 20-Meter-Band<\/li>\n\n\n\n<li>Monoband-Vertikalantenne f\u00fcr das 80-Meter-Band<\/li>\n\n\n\n<li>Multiband-Vertikalantenne f\u00fcr 80 bis 10 m<\/li>\n<\/ul>\n\n\n\n<p>Bei Bedarf k\u00f6nnen auf dem weitl\u00e4ufigen Gel\u00e4nde weitere experimentelle bzw. tempor\u00e4re Antennen errichtet werden.<\/p>\n\n\n\n<p>Ist die Station besetzt, erreicht man uns im 2m-Band auf 144,700 MHz oder 145,450 MHz, via Relais DB0ZB (145,600 MHz) oder DB0BT (145,6125 MHz) und eventuell auf CB-Funk-Kanal 19.<\/p>\n","protected":false},"excerpt":{"rendered":"<p>DP6K ist das Rufzeichen einer Amateurfunkstation im Landkreis Kulmbach, gelegen in Nordbayern. Die Station wird haupts\u00e4chlich im Rahmen von Amateurfunkwettbewerben, sogenannten Contesten, betrieben. Die Betreiber sind Mitglieder des Ortverbandes Kulmbach im Deutschen Amateur-Radio-Club sowie des Bavarian Contest Club. Der Standort befindet sich in einem auslaufenden Talkessel abseits zweier Ortschaften und ist zuf\u00e4llig gew\u00e4hlt. Im Nachhinein hat sich jedoch herausgestellt, dass die dort vorherrschenden Bodenverh\u00e4ltnisse f\u00fcr den Kurzwellenbetrieb hervorragend sind. Als Behausung dient ein eigens daf\u00fcr beschaffter Bauwagen, der nach unseren&#8230;<\/p>\n<p class=\"read-more\"><a class=\"btn btn-default\" href=\"https:\/\/www.dp6k.de\/?page_id=47\">Weiterlesen<span class=\"screen-reader-text\"> Weiterlesen<\/span><\/a><\/p>\n","protected":false},"author":1,"featured_media":0,"parent":0,"menu_order":0,"comment_status":"closed","ping_status":"closed","template":"","meta":{"footnotes":""},"class_list":["post-47","page","type-page","status-publish","hentry"],"_links":{"self":[{"href":"https:\/\/www.dp6k.de\/index.php?rest_route=\/wp\/v2\/pages\/47","targetHints":{"allow":["GET"]}}],"collection":[{"href":"https:\/\/www.dp6k.de\/index.php?rest_route=\/wp\/v2\/pages"}],"about":[{"href":"https:\/\/www.dp6k.de\/index.php?rest_route=\/wp\/v2\/types\/page"}],"author":[{"embeddable":true,"href":"https:\/\/www.dp6k.de\/index.php?rest_route=\/wp\/v2\/users\/1"}],"replies":[{"embeddable":true,"href":"https:\/\/www.dp6k.de\/index.php?rest_route=%2Fwp%2Fv2%2Fcomments&post=47"}],"version-history":[{"count":39,"href":"https:\/\/www.dp6k.de\/index.php?rest_route=\/wp\/v2\/pages\/47\/revisions"}],"predecessor-version":[{"id":726,"href":"https:\/\/www.dp6k.de\/index.php?rest_route=\/wp\/v2\/pages\/47\/revisions\/726"}],"wp:attachment":[{"href":"https:\/\/www.dp6k.de\/index.php?rest_route=%2Fwp%2Fv2%2Fmedia&parent=47"}],"curies":[{"name":"wp","href":"https:\/\/api.w.org\/{rel}","templated":true}]}}